{"id":1152,"date":"2019-04-25T14:20:28","date_gmt":"2019-04-25T14:20:28","guid":{"rendered":"http:\/\/analysensiebe.de\/bml\/?page_id=1152"},"modified":"2023-08-14T18:52:36","modified_gmt":"2023-08-14T18:52:36","slug":"test-sieves-for-carbonaceous-materials","status":"publish","type":"page","link":"https:\/\/labsieves.com\/blau-metall\/test-sieves-for-carbonaceous-materials\/","title":{"rendered":"Test Sieves for Carbonaceous Materials"},"content":{"rendered":"<div id=\"pl-1152\"  class=\"panel-layout\" ><div id=\"pg-1152-0\"  class=\"panel-grid panel-no-style\" ><div id=\"pgc-1152-0-0\"  class=\"panel-grid-cell\" ><div id=\"panel-1152-0-0-0\" class=\"widget_text so-panel widget widget_custom_html panel-first-child\" data-index=\"0\" ><div class=\"textwidget custom-html-widget\"><a href=\"https:\/\/labsieves.com\/blau-metall\/wp-content\/uploads\/sites\/2\/2022\/09\/IMG_0720-scaled.jpg\"><img decoding=\"async\" class=\"alignright  wp-image-1151\" src=\"https:\/\/labsieves.com\/blau-metall\/wp-content\/uploads\/sites\/2\/2022\/09\/IMG_0720-scaled.jpg\" alt=\"\" width=\"395\" height=\"auto\" \/><\/a>Carbon materials are omni-present in a wide range of industrial sectors \u2013 e.g. coke, anthracite, graphite materials. An important measure of quality for virtually all carbonaceous materials is their particle size distribution which, given the applications of such materials, also represents a critical safety aspect. Therefore, dedicated inspection requirements exist for carbonaceous materials with particular focus on screening analysis used to determine the distribution of particle sizes from 0,063 to 30 millimeters which is defined in DIN 51938 (Testing of carbonaceous materials - Determination of particle size distribution by sieving - Solid matters). Results from the screening analysis are used to evaluate granular carbonaceous materials for further processing to finished products.\n<br><br>\nAccording to DIN 51938, the determination of particle size distribution in carbonaceous materials with grain sizes predominantly under 10 millimeters shall be conducted with a set of 200 mm \u2300 laboratory test sieves conforming with ISO 3310. Blau-Metall test sieves comply with all requirements of ISO 3310 and are suitable for screening of carbonaceous materials. Our rigorous optical inspection protocol ensures our sieves meet all requirements of ISO 3310 and deliver a statistically sound screening result.\n<br><br>\nDIN 51938:2015: Pr\u00fcfung von Kohlenstoffmaterialien - Bestimmung der Korngr\u00f6\u00dfenverteilung durch Sieben - Feststoffe<br><br><\/div><\/div><div id=\"panel-1152-0-0-1\" class=\"widget_text so-panel widget widget_custom_html\" data-index=\"1\" ><div class=\"textwidget custom-html-widget\"><h3 style=\"text-align: center;\">Test Sieves for Screening of Carbonaceous Materials<\/h3><br>\n<p style=\"text-align: center;\"><strong>Stainless Steel, Diameter: 200 mm, Standard Delivery Time: ~10 Days<\/strong><\/p><\/div><\/div><div id=\"panel-1152-0-0-2\" class=\"widget_text so-panel widget widget_custom_html panel-last-child\" data-index=\"2\" ><div class=\"textwidget custom-html-widget\"><html>\n<style>\n* {\n  -webkit-box-sizing: border-box;\n  -moz-box-sizing: border-box;\n  box-sizing: border-box;\n}\n*:before, *:after {\n  -webkit-box-sizing: border-box;\n  -moz-box-sizing: border-box;\n  box-sizing: border-box;\n}\n\nbody {\n  font-family: \"Helvetica Neue\", \"Helvetica\", \"Roboto\", \"Arial\", sans-serif;\n  color: #5e5d52;\n}\n\na {\n  color: #337aa8;\n}\na:hover, a:focus {\n  color: #4b8ab2;\n}\n\n.container {\n  margin: 0% 0%;\n}\n@media (min-width: 33em) {\n  .container {\n    margin: 0%;\n  }\n}\n@media (min-width: 75em) {\n  .container {\n    margin: 2em auto;\n    max-width: 75em;\n  }\n}\n\n.responsive-table {\n  width: 100%;\n  margin-bottom: 1.5em;\n}\n@media (min-width: 33em) {\n  .responsive-table {\n    font-size: .85em;\n  }\n}\n@media (min-width: 62em) {\n  .responsive-table {\n    font-size: 1em;\n  }\n}\n.responsive-table thead {\n  position: absolute;\n  clip: rect(1px 1px 1px 1px);\n  \/* IE6, IE7 *\/\n  clip: rect(1px, 1px, 1px, 1px);\n  padding: 0;\n  border: 0;\n  height: 1px;\n  width: 1px;\n  overflow: hidden;\n}\n@media (min-width: 33em) {\n  .responsive-table thead {\n    position: relative;\n    clip: auto;\n    height: auto;\n    width: auto;\n    overflow: auto;\n  }\n}\n.responsive-table thead th {\n  background-color: #1d96b2;\n  border: 1px solid #1d96b2;\n  font-weight: bold;\n  text-align: center;\n  color: white;\n}\n.responsive-table thead th:first-of-type {\n  text-align: left;\n}\n.responsive-table tbody,\n.responsive-table tr,\n.responsive-table th,\n.responsive-table td {\n  display: block;\n  padding: 0;\ntext-align: left;\n  white-space: normal;\n}\n@media (min-width: 33em) {\n  .responsive-table tr {\n    display: table-row;\n  }\n}\n.responsive-table th,\n.responsive-table td {\n  padding: .5em;\n  vertical-align: middle;\n}\n@media (min-width: 32.5em) {\n  .responsive-table th,\n  .responsive-table td {\n    padding: .75em .5em;\n  }\n}\n@media (min-width: 33em) {\n  .responsive-table th,\n  .responsive-table td {\n    display: table-cell;\n    padding: .5em;\n  }\n}\n@media (min-width: 62em) {\n  .responsive-table th,\n  .responsive-table td {\n    padding: .65em .5em;\n  }\n}\n@media (min-width: 75em) {\n  .responsive-table th,\n  .responsive-table td {\n    padding: .65em;\n  }\n}\n.responsive-table caption {\n  margin-bottom: 1em;\n  font-size: 1em;\n  font-weight: bold;\n  text-align: center;\n}\n@media (min-width: 33em) {\n  .responsive-table caption {\n    font-size: 1.5em;\n  }\n}\n.responsive-table tfoot {\n  font-size: .8em;\n  font-style: italic;\n}\n@media (min-width: 62em) {\n  .responsive-table tfoot {\n    font-size: .9em;\n  }\n}\n@media (min-width: 33em) {\n  .responsive-table tbody {\n    display: table-row-group;\n  }\n}\n.responsive-table tbody tr {\n  margin-bottom: 1em;\n  border: 2px solid #1d96b2;\n}\n@media (min-width: 33em) {\n  .responsive-table tbody tr {\n    display: table-row;\n    border-width: 1px;\n  }\n}\n.responsive-table tbody tr:last-of-type {\n  margin-bottom: 0;\n}\n@media (min-width: 33em) {\n  .responsive-table tbody tr:nth-of-type(even) {\n    background-color: rgba(94, 93, 82, 0.1);\n  }\n}\n.responsive-table tbody th[scope=\"row\"] {\n  background-color: #1d96b2;\n  color: white;\n}\n@media (min-width: 33em) {\n  .responsive-table tbody th[scope=\"row\"] {\n    background-color: transparent;\n    color: #5e5d52;\n    text-align: left;\n  }\n}\n.responsive-table tbody td {\n  text-align: right;\n}\n@media (min-width: 32.5em) {\n  .responsive-table tbody td {\n    border-bottom: 1px solid #1d96b2;\n  }\n}\n@media (min-width: 33em) {\n  .responsive-table tbody td {\n    text-align: left;\n  }\n}\n.responsive-table tbody td[data-type=currency] {\n  text-align: right;\n}\n.responsive-table tbody td[data-title]:before {\n  content: attr(data-title);\n  float: left;\n  font-size: .85em;\n  color: rgba(94, 93, 82, 0.75);\n}\n@media (min-width: 32.5em) {\n  .responsive-table tbody td[data-title]:before {\n    font-size: .9em;\n  }\n}\n@media (min-width: 33em) {\n  .responsive-table tbody td[data-title]:before {\n    content: none;\n  }\n}\n<\/style>\n<body>\n    <div class=\"container\">\n  <table class=\"responsive-table\">\n<thead>\n            <tr>\n        <th scope=\"col\">Article<\/th>\n        <th scope=\"col\">Standard<\/th>\n        <th scope=\"col\">Sieve Diameter<\/th>\n      <\/tr>\n    <\/thead>\n        <tbody>\n<tr>\n<td data-title=\"Article\">Test Sieve Square Apertures 31,5 mm<\/td>\n<td data-title=\"Standard\">ISO 3310-2<\/td>\n<td data-title=\"Sieve Diameter\">200, 400 mm<\/td>\n<\/tr><tr>\n<td data-title=\"Article\">Test Sieve Square Apertures 22,4 mm<\/td>\n<td data-title=\"Standard\">ISO 3310-2<\/td>\n<td data-title=\"Sieve Diameter\">200, 400 mm<\/td>\n<\/tr><tr>\n<td data-title=\"Article\">Test Sieve Square Apertures 16,0 mm<\/td>\n<td data-title=\"Standard\">ISO 3310-2<\/td>\n<td data-title=\"Sieve Diameter\">200, 400 mm<\/td>\n<\/tr><tr>\n<td data-title=\"Article\">Test Sieve Square Apertures 11,2 mm<\/td>\n<td data-title=\"Standard\">ISO 3310-2<\/td>\n<td data-title=\"Sieve Diameter\">200, 400 mm<\/td>\n<\/tr><tr>\n<td data-title=\"Article\">Test Sieve Square Apertures 8,0 mm<\/td>\n<td data-title=\"Standard\">ISO 3310-2<\/td>\n<td data-title=\"Sieve Diameter\">200, 400 mm<\/td>\n<\/tr><tr>\n<td data-title=\"Article\">Test Sieve Square Apertures 5,6 mm<\/td>\n<td data-title=\"Standard\">ISO 3310-2<\/td>\n<td data-title=\"Sieve Diameter\">200, 400 mm<\/td>\n<\/tr><tr>\n<td data-title=\"Article\">Test Sieve Square Apertures 4,0 mm<\/td>\n<td data-title=\"Standard\">ISO 3310-2<\/td>\n<td data-title=\"Sieve Diameter\">200, 400 mm<\/td>\n<\/tr><tr>\n<td data-title=\"Article\">Test Sieve Woven Wire Cloth 2,8 mm<\/td>\n<td data-title=\"Standard\">ISO 3310-1<\/td>\n<td data-title=\"Sieve Diameter\">200, 400 mm<\/td>\n<\/tr><tr>\n<td data-title=\"Article\">Test Sieve Woven Wire Cloth 2,0 mm<\/td>\n<td data-title=\"Standard\">ISO 3310-1<\/td>\n<td data-title=\"Sieve Diameter\">200, 400 mm<\/td>\n<\/tr><tr>\n<td data-title=\"Article\">Test Sieve Woven Wire Cloth 1,4 mm<\/td>\n<td data-title=\"Standard\">ISO 3310-1<\/td>\n<td data-title=\"Sieve Diameter\">200, 400 mm<\/td>\n<\/tr><tr>\n<td data-title=\"Article\">Test Sieve Woven Wire Cloth 1,0 mm<\/td>\n<td data-title=\"Standard\">ISO 3310-1<\/td>\n<td data-title=\"Sieve Diameter\">200, 400 mm<\/td>\n<\/tr><tr>\n<td data-title=\"Article\">Test Sieve Woven Wire Cloth 710 \u00b5m <\/td>\n<td data-title=\"Standard\">ISO 3310-1<\/td>\n<td data-title=\"Sieve Diameter\">200, 400 mm<\/td>\n<\/tr><tr>\n<td data-title=\"Article\">Test Sieve Woven Wire Cloth 500 \u00b5m <\/td>\n<td data-title=\"Standard\">ISO 3310-1<\/td>\n<td data-title=\"Sieve Diameter\">200, 400 mm<\/td>\n<\/tr><tr>\n<td data-title=\"Article\">Test Sieve Woven Wire Cloth 355 \u00b5m <\/td>\n<td data-title=\"Standard\">ISO 3310-1<\/td>\n<td data-title=\"Sieve Diameter\">200, 400 mm<\/td>\n<\/tr><tr>\n<td data-title=\"Article\">Test Sieve Woven Wire Cloth 250 \u00b5m<\/td>\n<td data-title=\"Standard\">ISO 3310-1<\/td>\n<td data-title=\"Sieve Diameter\">200, 400 mm<\/td>\n<\/tr><tr>\n<td data-title=\"Article\">Test Sieve Woven Wire Cloth 180 \u00b5m<\/td>\n<td data-title=\"Standard\">ISO 3310-1<\/td>\n<td data-title=\"Sieve Diameter\">200, 400 mm<\/td>\n<\/tr>\n<tr>\n<td data-title=\"Article\">Test Sieve Woven Wire Cloth 125 \u00b5m<\/td>\n<td data-title=\"Standard\">ISO 3310-1<\/td>\n<td data-title=\"Sieve Diameter\">200, 400 mm<\/td>\n<\/tr><tr>\n<td data-title=\"Article\">Test Sieve Woven Wire Cloth 90 \u00b5m<\/td>\n<td data-title=\"Standard\">ISO 3310-1<\/td>\n<td data-title=\"Sieve Diameter\">200, 400 mm<\/td>\n<\/tr><tr>\n<td data-title=\"Article\">Test Sieve Woven Wire Cloth 63 \u00b5m<\/td>\n<td data-title=\"Standard\">ISO 3310-1<\/td>\n<td data-title=\"Sieve Diameter\">200, 400 mm<\/td>\n<\/tr><tr>\n<td data-title=\"Article\">Collecting Pan<\/td>\n<td data-title=\"Standard\"><\/td>\n<td data-title=\"Sieve Diameter\">200, 400 mm<\/td>\n<\/tr>\n\n    <\/tbody>\n  <\/table>\n<\/div>\n<\/body>\n<\/html><br><br><\/div><\/div><\/div><\/div><\/div>","protected":false},"excerpt":{"rendered":"<p>Carbon materials are omni-present in a wide range of industrial sectors \u2013 e.g. coke, anthracite, graphite materials. An important measure [&hellip;]<\/p>\n","protected":false},"author":1,"featured_media":1748,"parent":0,"menu_order":0,"comment_status":"closed","ping_status":"closed","template":"","meta":{"footnotes":""},"class_list":["post-1152","page","type-page","status-publish","has-post-thumbnail","hentry","post-thumbnail-displayed"],"aioseo_notices":[],"_links":{"self":[{"href":"https:\/\/labsieves.com\/blau-metall\/wp-json\/wp\/v2\/pages\/1152","targetHints":{"allow":["GET"]}}],"collection":[{"href":"https:\/\/labsieves.com\/blau-metall\/wp-json\/wp\/v2\/pages"}],"about":[{"href":"https:\/\/labsieves.com\/blau-metall\/wp-json\/wp\/v2\/types\/page"}],"author":[{"embeddable":true,"href":"https:\/\/labsieves.com\/blau-metall\/wp-json\/wp\/v2\/users\/1"}],"replies":[{"embeddable":true,"href":"https:\/\/labsieves.com\/blau-metall\/wp-json\/wp\/v2\/comments?post=1152"}],"version-history":[{"count":21,"href":"https:\/\/labsieves.com\/blau-metall\/wp-json\/wp\/v2\/pages\/1152\/revisions"}],"predecessor-version":[{"id":2262,"href":"https:\/\/labsieves.com\/blau-metall\/wp-json\/wp\/v2\/pages\/1152\/revisions\/2262"}],"wp:featuredmedia":[{"embeddable":true,"href":"https:\/\/labsieves.com\/blau-metall\/wp-json\/wp\/v2\/media\/1748"}],"wp:attachment":[{"href":"https:\/\/labsieves.com\/blau-metall\/wp-json\/wp\/v2\/media?parent=1152"}],"curies":[{"name":"wp","href":"https:\/\/api.w.org\/{rel}","templated":true}]}}